{"id":1205,"date":"2024-10-16T12:30:39","date_gmt":"2024-10-16T17:30:39","guid":{"rendered":"https:\/\/tierrasdelchaco.com.py\/?post_type=product&#038;p=1205"},"modified":"2024-10-16T12:32:44","modified_gmt":"2024-10-16T17:32:44","slug":"bo-221-9-848-hectareas-zona-san-agustin","status":"publish","type":"product","link":"https:\/\/tierrasdelchaco.com.py\/de\/produkt\/bo-221-9-848-hectareas-zona-san-agustin\/","title":{"rendered":"BO 221 \u2013 9 848 Hektar \u2013 Zone San Agust\u00edn"},"content":{"rendered":"<ul>\n<li>Superficie productiva: 5.671 hect\u00e1reas de pasturas. Cuenta con una zona para riego con pivot de 85 hect\u00e1reas.<\/li>\n<li>Art der Entwicklung: Ackerbau \/ Viehzucht.<\/li>\n<li>Se encuentra en zona de agua subterr\u00e1nea, apta para agricultura a riego y ganader\u00eda.<\/li>\n<li>Bestehende Infrastruktur:\n<ul>\n<li>Casas en la central y retiro.<\/li>\n<li>Korrale.<\/li>\n<li>Tanques australianos, pozos artesianos para riego, auxiliares y ganaderos. Adem\u00e1s, cuenta con 3.000 m. de costa sobre el R\u00edo Pilcomayo.<\/li>\n<li>Stromversorgung durch Generator.<\/li>\n<\/ul>\n<\/li>\n<\/ul>","protected":false},"excerpt":{"rendered":"<p>Es verf\u00fcgt \u00fcber 5.671 Hektar Weideland. Eine Bew\u00e4sserungszone mit einem Pivot von 85 Hektar.<\/p>","protected":false},"featured_media":1206,"comment_status":"open","ping_status":"closed","template":"","meta":[],"product_brand":[],"product_cat":[18],"product_tag":[],"actividad":[40,41,42],"class_list":{"0":"post-1205","1":"product","2":"type-product","3":"status-publish","4":"has-post-thumbnail","6":"product_cat-boqueron","7":"actividad-agricola","8":"actividad-ganadera","9":"actividad-mixta","11":"first","12":"instock","13":"shipping-taxable","14":"product-type-simple"},"_links":{"self":[{"href":"https:\/\/tierrasdelchaco.com.py\/de\/wp-json\/wp\/v2\/product\/1205","targetHints":{"allow":["GET"]}}],"collection":[{"href":"https:\/\/tierrasdelchaco.com.py\/de\/wp-json\/wp\/v2\/product"}],"about":[{"href":"https:\/\/tierrasdelchaco.com.py\/de\/wp-json\/wp\/v2\/types\/product"}],"replies":[{"embeddable":true,"href":"https:\/\/tierrasdelchaco.com.py\/de\/wp-json\/wp\/v2\/comments?post=1205"}],"wp:featuredmedia":[{"embeddable":true,"href":"https:\/\/tierrasdelchaco.com.py\/de\/wp-json\/wp\/v2\/media\/1206"}],"wp:attachment":[{"href":"https:\/\/tierrasdelchaco.com.py\/de\/wp-json\/wp\/v2\/media?parent=1205"}],"wp:term":[{"taxonomy":"product_brand","embeddable":true,"href":"https:\/\/tierrasdelchaco.com.py\/de\/wp-json\/wp\/v2\/product_brand?post=1205"},{"taxonomy":"product_cat","embeddable":true,"href":"https:\/\/tierrasdelchaco.com.py\/de\/wp-json\/wp\/v2\/product_cat?post=1205"},{"taxonomy":"product_tag","embeddable":true,"href":"https:\/\/tierrasdelchaco.com.py\/de\/wp-json\/wp\/v2\/product_tag?post=1205"},{"taxonomy":"actividad","embeddable":true,"href":"https:\/\/tierrasdelchaco.com.py\/de\/wp-json\/wp\/v2\/actividad?post=1205"}],"curies":[{"name":"wp","href":"https:\/\/api.w.org\/{rel}","templated":true}]}}