{"id":1330,"date":"2024-10-28T13:17:15","date_gmt":"2024-10-28T18:17:15","guid":{"rendered":"https:\/\/tierrasdelchaco.com.py\/?post_type=product&#038;p=1330"},"modified":"2024-10-28T13:17:15","modified_gmt":"2024-10-28T18:17:15","slug":"ph-080-1-743-hectareas-zona-25-leguas","status":"publish","type":"product","link":"https:\/\/tierrasdelchaco.com.py\/de\/produkt\/ph-080-1-743-hectareas-zona-25-leguas\/","title":{"rendered":"PH 080 &#8211; 1 743 Hect\u00e1reas &#8211; zona 25 Leguas"},"content":{"rendered":"<ul>\n<li>Superficie productiva: Cuenta con 950 hect\u00e1reas de pasturas.<\/li>\n<li>Vorbereitet f\u00fcr: Viehzucht.<\/li>\n<li>Bestehende Infrastruktur:\n<ul>\n<li>Eigent\u00fcmerhaus.<\/li>\n<li>Personalhaus.<\/li>\n<li>Corral.<\/li>\n<li>Tajamares con tanques australianos.<\/li>\n<li>Conexi\u00f3n el\u00e9ctrica de Loma Plata, con transformador propio y columna de hormig\u00f3n armado.<\/li>\n<\/ul>\n<\/li>\n<\/ul>","protected":false},"excerpt":{"rendered":"<p>Cuenta con 950 hect\u00e1reas de pasturas.<\/p>","protected":false},"featured_media":1331,"comment_status":"open","ping_status":"closed","template":"","meta":[],"product_brand":[],"product_cat":[39],"product_tag":[],"actividad":[41],"class_list":{"0":"post-1330","1":"product","2":"type-product","3":"status-publish","4":"has-post-thumbnail","6":"product_cat-presidente-hayes","7":"actividad-ganadera","9":"first","10":"instock","11":"shipping-taxable","12":"product-type-simple"},"_links":{"self":[{"href":"https:\/\/tierrasdelchaco.com.py\/de\/wp-json\/wp\/v2\/product\/1330","targetHints":{"allow":["GET"]}}],"collection":[{"href":"https:\/\/tierrasdelchaco.com.py\/de\/wp-json\/wp\/v2\/product"}],"about":[{"href":"https:\/\/tierrasdelchaco.com.py\/de\/wp-json\/wp\/v2\/types\/product"}],"replies":[{"embeddable":true,"href":"https:\/\/tierrasdelchaco.com.py\/de\/wp-json\/wp\/v2\/comments?post=1330"}],"wp:featuredmedia":[{"embeddable":true,"href":"https:\/\/tierrasdelchaco.com.py\/de\/wp-json\/wp\/v2\/media\/1331"}],"wp:attachment":[{"href":"https:\/\/tierrasdelchaco.com.py\/de\/wp-json\/wp\/v2\/media?parent=1330"}],"wp:term":[{"taxonomy":"product_brand","embeddable":true,"href":"https:\/\/tierrasdelchaco.com.py\/de\/wp-json\/wp\/v2\/product_brand?post=1330"},{"taxonomy":"product_cat","embeddable":true,"href":"https:\/\/tierrasdelchaco.com.py\/de\/wp-json\/wp\/v2\/product_cat?post=1330"},{"taxonomy":"product_tag","embeddable":true,"href":"https:\/\/tierrasdelchaco.com.py\/de\/wp-json\/wp\/v2\/product_tag?post=1330"},{"taxonomy":"actividad","embeddable":true,"href":"https:\/\/tierrasdelchaco.com.py\/de\/wp-json\/wp\/v2\/actividad?post=1330"}],"curies":[{"name":"wp","href":"https:\/\/api.w.org\/{rel}","templated":true}]}}