{"id":1368,"date":"2025-01-20T07:55:44","date_gmt":"2025-01-20T12:55:44","guid":{"rendered":"https:\/\/tierrasdelchaco.com.py\/?post_type=product&#038;p=1368"},"modified":"2025-01-20T07:55:44","modified_gmt":"2025-01-20T12:55:44","slug":"bo-244-7-031-hectareas-zona-pratt-gill","status":"publish","type":"product","link":"https:\/\/tierrasdelchaco.com.py\/de\/produkt\/bo-244-7-031-hectareas-zona-pratt-gill\/","title":{"rendered":"BO 244 -7 031 Hect\u00e1reas &#8211; zona Pratt Gill"},"content":{"rendered":"<p>Superficie productiva: Cuenta con 3.900 hect\u00e1reas de pasturas implantadas del tipo gatton panic.<\/p>\n<p>Vorbereitet f\u00fcr: Viehzucht.<\/p>\n<p>Bestehende Infrastruktur:<\/p>\n<ul>\n<li style=\"list-style-type: none;\">\n<ul>\n<li>Eigent\u00fcmerhaus.<\/li>\n<li>Personalh\u00e4user.<\/li>\n<li>Corral.<\/li>\n<li>Tanques de 115.000 lts., 140.000 lts., y 4 tanques de fibra de vidrio de 30.000 lts. cada uno. Tambi\u00e9n cuenta 3 pozos artesianos y extracci\u00f3n de agua por motor di\u00e9sel, compresor y accesorios.<\/li>\n<li>Pista de aviaci\u00f3n de 1.000 m. x 30 m.<\/li>\n<\/ul>\n<\/li>\n<\/ul>\n<p>&nbsp;<\/p>","protected":false},"excerpt":{"rendered":"<p>Cuenta con 3.900 hect\u00e1reas de pasturas implantadas.<\/p>","protected":false},"featured_media":1375,"comment_status":"open","ping_status":"closed","template":"","meta":[],"product_brand":[],"product_cat":[18],"product_tag":[],"actividad":[41],"class_list":{"0":"post-1368","1":"product","2":"type-product","3":"status-publish","4":"has-post-thumbnail","6":"product_cat-boqueron","7":"actividad-ganadera","9":"first","10":"instock","11":"shipping-taxable","12":"product-type-simple"},"_links":{"self":[{"href":"https:\/\/tierrasdelchaco.com.py\/de\/wp-json\/wp\/v2\/product\/1368","targetHints":{"allow":["GET"]}}],"collection":[{"href":"https:\/\/tierrasdelchaco.com.py\/de\/wp-json\/wp\/v2\/product"}],"about":[{"href":"https:\/\/tierrasdelchaco.com.py\/de\/wp-json\/wp\/v2\/types\/product"}],"replies":[{"embeddable":true,"href":"https:\/\/tierrasdelchaco.com.py\/de\/wp-json\/wp\/v2\/comments?post=1368"}],"wp:featuredmedia":[{"embeddable":true,"href":"https:\/\/tierrasdelchaco.com.py\/de\/wp-json\/wp\/v2\/media\/1375"}],"wp:attachment":[{"href":"https:\/\/tierrasdelchaco.com.py\/de\/wp-json\/wp\/v2\/media?parent=1368"}],"wp:term":[{"taxonomy":"product_brand","embeddable":true,"href":"https:\/\/tierrasdelchaco.com.py\/de\/wp-json\/wp\/v2\/product_brand?post=1368"},{"taxonomy":"product_cat","embeddable":true,"href":"https:\/\/tierrasdelchaco.com.py\/de\/wp-json\/wp\/v2\/product_cat?post=1368"},{"taxonomy":"product_tag","embeddable":true,"href":"https:\/\/tierrasdelchaco.com.py\/de\/wp-json\/wp\/v2\/product_tag?post=1368"},{"taxonomy":"actividad","embeddable":true,"href":"https:\/\/tierrasdelchaco.com.py\/de\/wp-json\/wp\/v2\/actividad?post=1368"}],"curies":[{"name":"wp","href":"https:\/\/api.w.org\/{rel}","templated":true}]}}