{"id":1473,"date":"2025-08-19T05:56:07","date_gmt":"2025-08-19T10:56:07","guid":{"rendered":"https:\/\/tierrasdelchaco.com.py\/?post_type=product&#038;p=1473"},"modified":"2025-08-19T06:10:34","modified_gmt":"2025-08-19T11:10:34","slug":"bo-036-4-940-hectareas-zona-pozo-hondo","status":"publish","type":"product","link":"https:\/\/tierrasdelchaco.com.py\/de\/produkt\/bo-036-4-940-hectareas-zona-pozo-hondo\/","title":{"rendered":"BO 036 - 4 940 Hektar - Zone Pozo Hondo"},"content":{"rendered":"<ul>\n<li>Produktive Fl\u00e4che: Das Anwesen verf\u00fcgt \u00fcber 2.396 produktive Hektar, davon sind 600 Hektar derzeit landwirtschaftlich genutzt, der Rest f\u00fcr Viehzucht.<\/li>\n<li>Gelegen an der Biozeanischen Route.<\/li>\n<li>Art der Entwicklung: Ackerbau \/ Viehzucht.<\/li>\n<li>Bestehende Infrastruktur:\n<ul>\n<li>Lagerhalle mit 1.200 m\u00b2, mit Personalwohnhaus und Abstellraum.<\/li>\n<li>Australischer Tank und Tiefbrunnen.<\/li>\n<li>Vollst\u00e4ndiger Viehcorral.<\/li>\n<\/ul>\n<\/li>\n<\/ul>","protected":false},"excerpt":{"rendered":"<p>Es verf\u00fcgt \u00fcber 2.396 produktive Hektar.<\/p>","protected":false},"featured_media":1475,"comment_status":"open","ping_status":"closed","template":"","meta":[],"product_brand":[],"product_cat":[18],"product_tag":[],"actividad":[42,40,41],"class_list":{"0":"post-1473","1":"product","2":"type-product","3":"status-publish","4":"has-post-thumbnail","6":"product_cat-boqueron","7":"actividad-mixta","8":"actividad-agricola","9":"actividad-ganadera","11":"first","12":"instock","13":"shipping-taxable","14":"product-type-simple"},"_links":{"self":[{"href":"https:\/\/tierrasdelchaco.com.py\/de\/wp-json\/wp\/v2\/product\/1473","targetHints":{"allow":["GET"]}}],"collection":[{"href":"https:\/\/tierrasdelchaco.com.py\/de\/wp-json\/wp\/v2\/product"}],"about":[{"href":"https:\/\/tierrasdelchaco.com.py\/de\/wp-json\/wp\/v2\/types\/product"}],"replies":[{"embeddable":true,"href":"https:\/\/tierrasdelchaco.com.py\/de\/wp-json\/wp\/v2\/comments?post=1473"}],"wp:featuredmedia":[{"embeddable":true,"href":"https:\/\/tierrasdelchaco.com.py\/de\/wp-json\/wp\/v2\/media\/1475"}],"wp:attachment":[{"href":"https:\/\/tierrasdelchaco.com.py\/de\/wp-json\/wp\/v2\/media?parent=1473"}],"wp:term":[{"taxonomy":"product_brand","embeddable":true,"href":"https:\/\/tierrasdelchaco.com.py\/de\/wp-json\/wp\/v2\/product_brand?post=1473"},{"taxonomy":"product_cat","embeddable":true,"href":"https:\/\/tierrasdelchaco.com.py\/de\/wp-json\/wp\/v2\/product_cat?post=1473"},{"taxonomy":"product_tag","embeddable":true,"href":"https:\/\/tierrasdelchaco.com.py\/de\/wp-json\/wp\/v2\/product_tag?post=1473"},{"taxonomy":"actividad","embeddable":true,"href":"https:\/\/tierrasdelchaco.com.py\/de\/wp-json\/wp\/v2\/actividad?post=1473"}],"curies":[{"name":"wp","href":"https:\/\/api.w.org\/{rel}","templated":true}]}}