{"id":1490,"date":"2026-02-16T09:06:27","date_gmt":"2026-02-16T14:06:27","guid":{"rendered":"https:\/\/tierrasdelchaco.com.py\/?post_type=product&#038;p=1490"},"modified":"2026-02-16T09:06:27","modified_gmt":"2026-02-16T14:06:27","slug":"bo-365-1-607-hectareas-zona-campo-alegre","status":"publish","type":"product","link":"https:\/\/tierrasdelchaco.com.py\/de\/produkt\/bo-365-1-607-hectareas-zona-campo-alegre\/","title":{"rendered":"BO 365 - 1 607 Hektar - Zone Campo Alegre"},"content":{"rendered":"<ul>\n<li>Produktive Fl\u00e4che: Die Liegenschaft umfasst eine Gesamtproduktivfl\u00e4che von 880 Hektar, davon 530 Hektar landwirtschaftlich nutzbares, ger\u00e4umtes und eingeebnetes Ackerland sowie 350 Hektar angelegte Weidefl\u00e4chen.<\/li>\n<li>Art der Entwicklung: Ackerbau \/ Viehzucht.<\/li>\n<li>Bestehende Infrastruktur:\n<ul>\n<li>Eigent\u00fcmerhaus.<\/li>\n<li>Personalhaus.<\/li>\n<li>Tinglado para maquinarias.<\/li>\n<li>Korrale.<\/li>\n<li>Z\u00e4une in sehr gutem Zustand.<\/li>\n<li>T\u00fcmpel, Wassertanks und Brunnen, die mit einem Wassernetz verbunden sind.<\/li>\n<li>Anschluss an das Stromnetz der Koperative Neuland.<\/li>\n<\/ul>\n<\/li>\n<\/ul>","protected":false},"excerpt":{"rendered":"<p>Gesamtproduktivfl\u00e4che: 880 Hektar.<\/p>","protected":false},"featured_media":1491,"comment_status":"open","ping_status":"closed","template":"","meta":[],"product_brand":[],"product_cat":[18],"product_tag":[],"actividad":[42],"class_list":{"0":"post-1490","1":"product","2":"type-product","3":"status-publish","4":"has-post-thumbnail","6":"product_cat-boqueron","7":"actividad-mixta","9":"first","10":"instock","11":"shipping-taxable","12":"product-type-simple"},"_links":{"self":[{"href":"https:\/\/tierrasdelchaco.com.py\/de\/wp-json\/wp\/v2\/product\/1490","targetHints":{"allow":["GET"]}}],"collection":[{"href":"https:\/\/tierrasdelchaco.com.py\/de\/wp-json\/wp\/v2\/product"}],"about":[{"href":"https:\/\/tierrasdelchaco.com.py\/de\/wp-json\/wp\/v2\/types\/product"}],"replies":[{"embeddable":true,"href":"https:\/\/tierrasdelchaco.com.py\/de\/wp-json\/wp\/v2\/comments?post=1490"}],"wp:featuredmedia":[{"embeddable":true,"href":"https:\/\/tierrasdelchaco.com.py\/de\/wp-json\/wp\/v2\/media\/1491"}],"wp:attachment":[{"href":"https:\/\/tierrasdelchaco.com.py\/de\/wp-json\/wp\/v2\/media?parent=1490"}],"wp:term":[{"taxonomy":"product_brand","embeddable":true,"href":"https:\/\/tierrasdelchaco.com.py\/de\/wp-json\/wp\/v2\/product_brand?post=1490"},{"taxonomy":"product_cat","embeddable":true,"href":"https:\/\/tierrasdelchaco.com.py\/de\/wp-json\/wp\/v2\/product_cat?post=1490"},{"taxonomy":"product_tag","embeddable":true,"href":"https:\/\/tierrasdelchaco.com.py\/de\/wp-json\/wp\/v2\/product_tag?post=1490"},{"taxonomy":"actividad","embeddable":true,"href":"https:\/\/tierrasdelchaco.com.py\/de\/wp-json\/wp\/v2\/actividad?post=1490"}],"curies":[{"name":"wp","href":"https:\/\/api.w.org\/{rel}","templated":true}]}}