{"id":1510,"date":"2026-02-27T13:54:53","date_gmt":"2026-02-27T18:54:53","guid":{"rendered":"https:\/\/tierrasdelchaco.com.py\/?post_type=product&#038;p=1510"},"modified":"2026-02-27T13:54:53","modified_gmt":"2026-02-27T18:54:53","slug":"bo-370-19-194-hectareas-zona-pirizal","status":"publish","type":"product","link":"https:\/\/tierrasdelchaco.com.py\/de\/produkt\/bo-370-19-194-hectareas-zona-pirizal\/","title":{"rendered":"BO 370 &#8211; 19 194 Hect\u00e1reas &#8211; zona Pirizal"},"content":{"rendered":"<ul>\n<li>Superficie productiva: Dispone de 8.555 hect\u00e1reas de pasturas implantadas y posee habilitaci\u00f3n para desarrollar aproximadamente 1.500 hect\u00e1reas adicionales.<\/li>\n<li>Vorbereitet f\u00fcr: Viehzucht.<\/li>\n<li>Bestehende Infrastruktur:\n<ul>\n<li>Eigent\u00fcmerhaus.<\/li>\n<li>Personalh\u00e4user.<\/li>\n<li>Korrale.<\/li>\n<li>Oficina, taller y tinglado.<\/li>\n<li>Pozos profundos con tajamares.<\/li>\n<li>Pista de aviaci\u00f3n.<\/li>\n<li>Conexi\u00f3n el\u00e9ctrica de la ANDE.<\/li>\n<\/ul>\n<\/li>\n<\/ul>","protected":false},"excerpt":{"rendered":"<p>Dispone de 8.555 hect\u00e1reas de pasturas implantadas.<\/p>","protected":false},"featured_media":1515,"comment_status":"open","ping_status":"closed","template":"","meta":[],"product_brand":[],"product_cat":[18],"product_tag":[],"actividad":[41],"class_list":{"0":"post-1510","1":"product","2":"type-product","3":"status-publish","4":"has-post-thumbnail","6":"product_cat-boqueron","7":"actividad-ganadera","9":"first","10":"instock","11":"shipping-taxable","12":"product-type-simple"},"_links":{"self":[{"href":"https:\/\/tierrasdelchaco.com.py\/de\/wp-json\/wp\/v2\/product\/1510","targetHints":{"allow":["GET"]}}],"collection":[{"href":"https:\/\/tierrasdelchaco.com.py\/de\/wp-json\/wp\/v2\/product"}],"about":[{"href":"https:\/\/tierrasdelchaco.com.py\/de\/wp-json\/wp\/v2\/types\/product"}],"replies":[{"embeddable":true,"href":"https:\/\/tierrasdelchaco.com.py\/de\/wp-json\/wp\/v2\/comments?post=1510"}],"wp:featuredmedia":[{"embeddable":true,"href":"https:\/\/tierrasdelchaco.com.py\/de\/wp-json\/wp\/v2\/media\/1515"}],"wp:attachment":[{"href":"https:\/\/tierrasdelchaco.com.py\/de\/wp-json\/wp\/v2\/media?parent=1510"}],"wp:term":[{"taxonomy":"product_brand","embeddable":true,"href":"https:\/\/tierrasdelchaco.com.py\/de\/wp-json\/wp\/v2\/product_brand?post=1510"},{"taxonomy":"product_cat","embeddable":true,"href":"https:\/\/tierrasdelchaco.com.py\/de\/wp-json\/wp\/v2\/product_cat?post=1510"},{"taxonomy":"product_tag","embeddable":true,"href":"https:\/\/tierrasdelchaco.com.py\/de\/wp-json\/wp\/v2\/product_tag?post=1510"},{"taxonomy":"actividad","embeddable":true,"href":"https:\/\/tierrasdelchaco.com.py\/de\/wp-json\/wp\/v2\/actividad?post=1510"}],"curies":[{"name":"wp","href":"https:\/\/api.w.org\/{rel}","templated":true}]}}