{"id":499,"date":"2024-05-19T16:23:36","date_gmt":"2024-05-19T21:23:36","guid":{"rendered":"https:\/\/new.tierrasdelchaco.com.py\/?post_type=product&#038;p=499"},"modified":"2024-10-15T09:14:21","modified_gmt":"2024-10-15T14:14:21","slug":"bo-169-2-500-hectareas-zona-la-patria","status":"publish","type":"product","link":"https:\/\/tierrasdelchaco.com.py\/de\/produkt\/bo-169-2-500-hectareas-zona-la-patria\/","title":{"rendered":"BO 169 \u2013 2 500 Hektar \u2013 Zone La Patria"},"content":{"rendered":"<ul>\n<li>Superficie productiva: 280 hect\u00e1reas, el resto es monte virgen.<\/li>\n<li>Vorbereitet f\u00fcr: Viehzucht.<\/li>\n<li>Se ubica en zona de agua subterr\u00e1nea, apta para ganader\u00eda.<\/li>\n<li>Bestehende Infrastruktur:\n<ul>\n<li>Eigent\u00fcmerhaus.<\/li>\n<li>Casa para visita.<\/li>\n<li>Corral.<\/li>\n<li>Pozo profundo.<\/li>\n<li>Elektrizit\u00e4t aus Solarenergie.<\/li>\n<\/ul>\n<\/li>\n<\/ul>","protected":false},"excerpt":{"rendered":"<p>Es verf\u00fcgt \u00fcber 280 produktive Hektar, der Rest ist unber\u00fchrter Wald.<\/p>","protected":false},"featured_media":502,"comment_status":"open","ping_status":"closed","template":"","meta":[],"product_brand":[],"product_cat":[18],"product_tag":[],"actividad":[43,41],"class_list":{"0":"post-499","1":"product","2":"type-product","3":"status-publish","4":"has-post-thumbnail","6":"product_cat-boqueron","7":"actividad-monte-virgen","8":"actividad-ganadera","10":"first","11":"instock","12":"shipping-taxable","13":"product-type-simple"},"_links":{"self":[{"href":"https:\/\/tierrasdelchaco.com.py\/de\/wp-json\/wp\/v2\/product\/499","targetHints":{"allow":["GET"]}}],"collection":[{"href":"https:\/\/tierrasdelchaco.com.py\/de\/wp-json\/wp\/v2\/product"}],"about":[{"href":"https:\/\/tierrasdelchaco.com.py\/de\/wp-json\/wp\/v2\/types\/product"}],"replies":[{"embeddable":true,"href":"https:\/\/tierrasdelchaco.com.py\/de\/wp-json\/wp\/v2\/comments?post=499"}],"wp:featuredmedia":[{"embeddable":true,"href":"https:\/\/tierrasdelchaco.com.py\/de\/wp-json\/wp\/v2\/media\/502"}],"wp:attachment":[{"href":"https:\/\/tierrasdelchaco.com.py\/de\/wp-json\/wp\/v2\/media?parent=499"}],"wp:term":[{"taxonomy":"product_brand","embeddable":true,"href":"https:\/\/tierrasdelchaco.com.py\/de\/wp-json\/wp\/v2\/product_brand?post=499"},{"taxonomy":"product_cat","embeddable":true,"href":"https:\/\/tierrasdelchaco.com.py\/de\/wp-json\/wp\/v2\/product_cat?post=499"},{"taxonomy":"product_tag","embeddable":true,"href":"https:\/\/tierrasdelchaco.com.py\/de\/wp-json\/wp\/v2\/product_tag?post=499"},{"taxonomy":"actividad","embeddable":true,"href":"https:\/\/tierrasdelchaco.com.py\/de\/wp-json\/wp\/v2\/actividad?post=499"}],"curies":[{"name":"wp","href":"https:\/\/api.w.org\/{rel}","templated":true}]}}