{"id":694,"date":"2024-06-01T14:16:11","date_gmt":"2024-06-01T19:16:11","guid":{"rendered":"https:\/\/new.tierrasdelchaco.com.py\/producto\/bo-284-3-104-hectareas-zona-campo-alegre\/"},"modified":"2025-01-17T06:27:32","modified_gmt":"2025-01-17T11:27:32","slug":"bo-284-3-104-hectareas-zona-campo-alegre","status":"publish","type":"product","link":"https:\/\/tierrasdelchaco.com.py\/de\/produkt\/bo-284-3-104-hectareas-zona-campo-alegre\/","title":{"rendered":"BO 284 &#8211; 3 104 Hect\u00e1reas &#8211; zona Campo Alegre"},"content":{"rendered":"<ul>\n<li>Superficie productiva: 1.682 hect\u00e1reas, las cuales est\u00e1n siendo llevadas a agr\u00edcolas en su totalidad<br \/>\npara la zafra 24\/25.<\/li>\n<li>Tipo de desarrollo: Agr\u00edcola.<\/li>\n<li>Para la zafra 23\/24 cuenta con:\n<ul>\n<li>539 hect\u00e1reas de soja.<\/li>\n<li>213 hect\u00e1reas de ma\u00edz.<\/li>\n<li>205 hect\u00e1reas de ch\u00eda.<\/li>\n<li>76 hect\u00e1reas de sudan negro.<\/li>\n<\/ul>\n<\/li>\n<\/ul>","protected":false},"excerpt":{"rendered":"<p>Es verf\u00fcgt \u00fcber 1.682 Hektar, die vollst\u00e4ndig f\u00fcr die Ackerbau vorbereitet sind.<\/p>","protected":false},"featured_media":746,"comment_status":"closed","ping_status":"closed","template":"","meta":[],"product_brand":[],"product_cat":[18],"product_tag":[],"actividad":[40],"class_list":{"0":"post-694","1":"product","2":"type-product","3":"status-publish","4":"has-post-thumbnail","6":"product_cat-boqueron","7":"actividad-agricola","9":"first","10":"instock","11":"product-type-simple"},"_links":{"self":[{"href":"https:\/\/tierrasdelchaco.com.py\/de\/wp-json\/wp\/v2\/product\/694","targetHints":{"allow":["GET"]}}],"collection":[{"href":"https:\/\/tierrasdelchaco.com.py\/de\/wp-json\/wp\/v2\/product"}],"about":[{"href":"https:\/\/tierrasdelchaco.com.py\/de\/wp-json\/wp\/v2\/types\/product"}],"replies":[{"embeddable":true,"href":"https:\/\/tierrasdelchaco.com.py\/de\/wp-json\/wp\/v2\/comments?post=694"}],"wp:featuredmedia":[{"embeddable":true,"href":"https:\/\/tierrasdelchaco.com.py\/de\/wp-json\/wp\/v2\/media\/746"}],"wp:attachment":[{"href":"https:\/\/tierrasdelchaco.com.py\/de\/wp-json\/wp\/v2\/media?parent=694"}],"wp:term":[{"taxonomy":"product_brand","embeddable":true,"href":"https:\/\/tierrasdelchaco.com.py\/de\/wp-json\/wp\/v2\/product_brand?post=694"},{"taxonomy":"product_cat","embeddable":true,"href":"https:\/\/tierrasdelchaco.com.py\/de\/wp-json\/wp\/v2\/product_cat?post=694"},{"taxonomy":"product_tag","embeddable":true,"href":"https:\/\/tierrasdelchaco.com.py\/de\/wp-json\/wp\/v2\/product_tag?post=694"},{"taxonomy":"actividad","embeddable":true,"href":"https:\/\/tierrasdelchaco.com.py\/de\/wp-json\/wp\/v2\/actividad?post=694"}],"curies":[{"name":"wp","href":"https:\/\/api.w.org\/{rel}","templated":true}]}}