{"id":695,"date":"2024-06-01T14:16:11","date_gmt":"2024-06-01T19:16:11","guid":{"rendered":"https:\/\/new.tierrasdelchaco.com.py\/producto\/ap-001-62-000-hectareas-zona-agua-dulce\/"},"modified":"2024-10-21T12:53:00","modified_gmt":"2024-10-21T17:53:00","slug":"ap-001-62-000-hectareas-zona-agua-dulce","status":"publish","type":"product","link":"https:\/\/tierrasdelchaco.com.py\/de\/produkt\/ap-001-62-000-hectareas-zona-agua-dulce\/","title":{"rendered":"AP 001 - 62 000 Hektar - Zone Agua Dulce"},"content":{"rendered":"<ul>\n<li>Superficie productiva: 5.800 hect\u00e1reas con opci\u00f3n a desarrollar m\u00e1s superficie.<\/li>\n<li>Vorbereitet f\u00fcr: Viehzucht.<\/li>\n<li>Liegt in einem Gebiet mit Grundwasser, das f\u00fcr die Viehzucht geeignet ist.<\/li>\n<li>Bestehende Infrastruktur:\n<ul>\n<li>Eigent\u00fcmerhaus.<\/li>\n<li>Personalh\u00e4user.<\/li>\n<li>Korrale.<\/li>\n<li>T\u00fcmpel, Wassertanks und Brunnen, die mit einem Wassernetz verbunden sind.<\/li>\n<li>Stromversorgung durch Generator.<\/li>\n<\/ul>\n<\/li>\n<\/ul>","protected":false},"excerpt":{"rendered":"<p>Produktive Fl\u00e4che: 5.800 Hektar mit der Option, mehr Fl\u00e4che zu entwickeln.<\/p>","protected":false},"featured_media":711,"comment_status":"closed","ping_status":"closed","template":"","meta":[],"product_brand":[],"product_cat":[38],"product_tag":[],"actividad":[41,43],"class_list":{"0":"post-695","1":"product","2":"type-product","3":"status-publish","4":"has-post-thumbnail","6":"product_cat-alto-paraguay","7":"actividad-ganadera","8":"actividad-monte-virgen","10":"first","11":"instock","12":"product-type-simple"},"_links":{"self":[{"href":"https:\/\/tierrasdelchaco.com.py\/de\/wp-json\/wp\/v2\/product\/695","targetHints":{"allow":["GET"]}}],"collection":[{"href":"https:\/\/tierrasdelchaco.com.py\/de\/wp-json\/wp\/v2\/product"}],"about":[{"href":"https:\/\/tierrasdelchaco.com.py\/de\/wp-json\/wp\/v2\/types\/product"}],"replies":[{"embeddable":true,"href":"https:\/\/tierrasdelchaco.com.py\/de\/wp-json\/wp\/v2\/comments?post=695"}],"wp:featuredmedia":[{"embeddable":true,"href":"https:\/\/tierrasdelchaco.com.py\/de\/wp-json\/wp\/v2\/media\/711"}],"wp:attachment":[{"href":"https:\/\/tierrasdelchaco.com.py\/de\/wp-json\/wp\/v2\/media?parent=695"}],"wp:term":[{"taxonomy":"product_brand","embeddable":true,"href":"https:\/\/tierrasdelchaco.com.py\/de\/wp-json\/wp\/v2\/product_brand?post=695"},{"taxonomy":"product_cat","embeddable":true,"href":"https:\/\/tierrasdelchaco.com.py\/de\/wp-json\/wp\/v2\/product_cat?post=695"},{"taxonomy":"product_tag","embeddable":true,"href":"https:\/\/tierrasdelchaco.com.py\/de\/wp-json\/wp\/v2\/product_tag?post=695"},{"taxonomy":"actividad","embeddable":true,"href":"https:\/\/tierrasdelchaco.com.py\/de\/wp-json\/wp\/v2\/actividad?post=695"}],"curies":[{"name":"wp","href":"https:\/\/api.w.org\/{rel}","templated":true}]}}