{"id":698,"date":"2024-06-01T14:16:11","date_gmt":"2024-06-01T19:16:11","guid":{"rendered":"https:\/\/new.tierrasdelchaco.com.py\/producto\/ap-177-5-075-hectareas-zona-tte-martinez\/"},"modified":"2024-10-14T13:26:44","modified_gmt":"2024-10-14T18:26:44","slug":"ap-177-5-075-hectareas-zona-tte-martinez","status":"publish","type":"product","link":"https:\/\/tierrasdelchaco.com.py\/de\/produkt\/ap-177-5-075-hectareas-zona-tte-martinez\/","title":{"rendered":"AP 177 \u2013 5 075 Hektar \u2013 Zone Tte. Mart\u00ednez"},"content":{"rendered":"<ul>\n<li>Superficie productiva: Cuenta con 1.800 hect\u00e1reas de pasturas implantadas, con posibilidad de habilitar 700 hect\u00e1reas m\u00e1s. Tambi\u00e9n cuenta con 200 hect\u00e1reas de campo natural.<\/li>\n<li>Vorbereitet f\u00fcr: Viehzucht.<\/li>\n<li>Bestehende Infrastruktur:\n<ul>\n<li>Eigent\u00fcmerhaus.<\/li>\n<li>Personalh\u00e4user.<\/li>\n<li>Corral.<\/li>\n<li>Tajamares con sus respectivos tanques australianos. Todas las parcelas cuentan con acceso a agua.<\/li>\n<li>Energ\u00eda el\u00e9ctrica de la ANDE.<\/li>\n<li>Pista de aviaci\u00f3n de 1.000 m. habilitada.<\/li>\n<\/ul>\n<\/li>\n<\/ul>","protected":false},"excerpt":{"rendered":"<p>Es verf\u00fcgt \u00fcber 1.800 Hektar angelegte Weiden und 200 Hektar Naturgrasland.<\/p>","protected":false},"featured_media":737,"comment_status":"closed","ping_status":"closed","template":"","meta":[],"product_brand":[],"product_cat":[38],"product_tag":[],"actividad":[41],"class_list":{"0":"post-698","1":"product","2":"type-product","3":"status-publish","4":"has-post-thumbnail","6":"product_cat-alto-paraguay","7":"actividad-ganadera","9":"first","10":"instock","11":"product-type-simple"},"_links":{"self":[{"href":"https:\/\/tierrasdelchaco.com.py\/de\/wp-json\/wp\/v2\/product\/698","targetHints":{"allow":["GET"]}}],"collection":[{"href":"https:\/\/tierrasdelchaco.com.py\/de\/wp-json\/wp\/v2\/product"}],"about":[{"href":"https:\/\/tierrasdelchaco.com.py\/de\/wp-json\/wp\/v2\/types\/product"}],"replies":[{"embeddable":true,"href":"https:\/\/tierrasdelchaco.com.py\/de\/wp-json\/wp\/v2\/comments?post=698"}],"wp:featuredmedia":[{"embeddable":true,"href":"https:\/\/tierrasdelchaco.com.py\/de\/wp-json\/wp\/v2\/media\/737"}],"wp:attachment":[{"href":"https:\/\/tierrasdelchaco.com.py\/de\/wp-json\/wp\/v2\/media?parent=698"}],"wp:term":[{"taxonomy":"product_brand","embeddable":true,"href":"https:\/\/tierrasdelchaco.com.py\/de\/wp-json\/wp\/v2\/product_brand?post=698"},{"taxonomy":"product_cat","embeddable":true,"href":"https:\/\/tierrasdelchaco.com.py\/de\/wp-json\/wp\/v2\/product_cat?post=698"},{"taxonomy":"product_tag","embeddable":true,"href":"https:\/\/tierrasdelchaco.com.py\/de\/wp-json\/wp\/v2\/product_tag?post=698"},{"taxonomy":"actividad","embeddable":true,"href":"https:\/\/tierrasdelchaco.com.py\/de\/wp-json\/wp\/v2\/actividad?post=698"}],"curies":[{"name":"wp","href":"https:\/\/api.w.org\/{rel}","templated":true}]}}