{"id":701,"date":"2024-06-01T14:16:11","date_gmt":"2024-06-01T19:16:11","guid":{"rendered":"https:\/\/new.tierrasdelchaco.com.py\/producto\/ph-045-6-785-hectareas-zona-pozo-colorado-a-concepcion\/"},"modified":"2024-10-18T13:37:32","modified_gmt":"2024-10-18T18:37:32","slug":"ph-045-6-785-hectareas-zona-pozo-colorado-a-concepcion","status":"publish","type":"product","link":"https:\/\/tierrasdelchaco.com.py\/de\/produkt\/ph-045-6-785-hectareas-zona-pozo-colorado-a-concepcion\/","title":{"rendered":"PH 045 &#8211; 6 785 Hect\u00e1reas &#8211; zona Pozo Colorado a Concepci\u00f3n"},"content":{"rendered":"<ul>\n<li>Superficie productiva: 2.500 hect\u00e1reas de pastura implantada y 3.090 hect\u00e1reas de campo natural con palmares.<\/li>\n<li>Vorbereitet f\u00fcr: Viehzucht.<\/li>\n<li>Bestehende Infrastruktur:\n<ul>\n<li>Eigent\u00fcmerhaus.<\/li>\n<li>Personalhaus.<\/li>\n<li>Korrale.<\/li>\n<li>Conexi\u00f3n el\u00e9ctrica monof\u00e1sica, adem\u00e1s, 2 generadores de 45 kVA y 6 kVA.<\/li>\n<\/ul>\n<\/li>\n<\/ul>","protected":false},"excerpt":{"rendered":"<p>Cuenta con 2.500 hect\u00e1reas de pastura implantada.<\/p>","protected":false},"featured_media":777,"comment_status":"closed","ping_status":"closed","template":"","meta":[],"product_brand":[],"product_cat":[39],"product_tag":[],"actividad":[41],"class_list":{"0":"post-701","1":"product","2":"type-product","3":"status-publish","4":"has-post-thumbnail","6":"product_cat-presidente-hayes","7":"actividad-ganadera","9":"first","10":"instock","11":"product-type-simple"},"_links":{"self":[{"href":"https:\/\/tierrasdelchaco.com.py\/de\/wp-json\/wp\/v2\/product\/701","targetHints":{"allow":["GET"]}}],"collection":[{"href":"https:\/\/tierrasdelchaco.com.py\/de\/wp-json\/wp\/v2\/product"}],"about":[{"href":"https:\/\/tierrasdelchaco.com.py\/de\/wp-json\/wp\/v2\/types\/product"}],"replies":[{"embeddable":true,"href":"https:\/\/tierrasdelchaco.com.py\/de\/wp-json\/wp\/v2\/comments?post=701"}],"wp:featuredmedia":[{"embeddable":true,"href":"https:\/\/tierrasdelchaco.com.py\/de\/wp-json\/wp\/v2\/media\/777"}],"wp:attachment":[{"href":"https:\/\/tierrasdelchaco.com.py\/de\/wp-json\/wp\/v2\/media?parent=701"}],"wp:term":[{"taxonomy":"product_brand","embeddable":true,"href":"https:\/\/tierrasdelchaco.com.py\/de\/wp-json\/wp\/v2\/product_brand?post=701"},{"taxonomy":"product_cat","embeddable":true,"href":"https:\/\/tierrasdelchaco.com.py\/de\/wp-json\/wp\/v2\/product_cat?post=701"},{"taxonomy":"product_tag","embeddable":true,"href":"https:\/\/tierrasdelchaco.com.py\/de\/wp-json\/wp\/v2\/product_tag?post=701"},{"taxonomy":"actividad","embeddable":true,"href":"https:\/\/tierrasdelchaco.com.py\/de\/wp-json\/wp\/v2\/actividad?post=701"}],"curies":[{"name":"wp","href":"https:\/\/api.w.org\/{rel}","templated":true}]}}