{"id":702,"date":"2024-06-01T14:16:11","date_gmt":"2024-06-01T19:16:11","guid":{"rendered":"https:\/\/new.tierrasdelchaco.com.py\/producto\/ph-113-11-574-hectareas-zona-monte-lindo\/"},"modified":"2024-10-16T06:15:41","modified_gmt":"2024-10-16T11:15:41","slug":"ph-113-11-574-hectareas-zona-monte-lindo","status":"publish","type":"product","link":"https:\/\/tierrasdelchaco.com.py\/de\/produkt\/ph-113-11-574-hectareas-zona-monte-lindo\/","title":{"rendered":"PH 113 &#8211; 11 574 Hect\u00e1reas &#8211; zona Monte Lindo"},"content":{"rendered":"<ul>\n<li>Superficie productiva: 3.758 hect\u00e1reas de pasturas y 6.468 hect\u00e1reas de campo natural.<\/li>\n<li>Vorbereitet f\u00fcr: Viehzucht.<\/li>\n<li>Bestehende Infrastruktur:\n<ul>\n<li>Eigent\u00fcmerhaus.<\/li>\n<li>Personalhaus.<\/li>\n<li>Korrale.<\/li>\n<li>Tajamares y tanques australianos. El R\u00edo Monte Lindo atraviesa la propiedad.<\/li>\n<li>Conexi\u00f3n el\u00e9ctrica monof\u00e1sica.<\/li>\n<li>Pista de aviaci\u00f3n de 900 m.<\/li>\n<\/ul>\n<\/li>\n<\/ul>","protected":false},"excerpt":{"rendered":"<p>Cuenta con 3.758 hect\u00e1reas de pasturas y 6.468 hect\u00e1reas de campo natural.<\/p>","protected":false},"featured_media":758,"comment_status":"closed","ping_status":"closed","template":"","meta":[],"product_brand":[],"product_cat":[39],"product_tag":[],"actividad":[41],"class_list":{"0":"post-702","1":"product","2":"type-product","3":"status-publish","4":"has-post-thumbnail","6":"product_cat-presidente-hayes","7":"actividad-ganadera","9":"first","10":"instock","11":"product-type-simple"},"_links":{"self":[{"href":"https:\/\/tierrasdelchaco.com.py\/de\/wp-json\/wp\/v2\/product\/702","targetHints":{"allow":["GET"]}}],"collection":[{"href":"https:\/\/tierrasdelchaco.com.py\/de\/wp-json\/wp\/v2\/product"}],"about":[{"href":"https:\/\/tierrasdelchaco.com.py\/de\/wp-json\/wp\/v2\/types\/product"}],"replies":[{"embeddable":true,"href":"https:\/\/tierrasdelchaco.com.py\/de\/wp-json\/wp\/v2\/comments?post=702"}],"wp:featuredmedia":[{"embeddable":true,"href":"https:\/\/tierrasdelchaco.com.py\/de\/wp-json\/wp\/v2\/media\/758"}],"wp:attachment":[{"href":"https:\/\/tierrasdelchaco.com.py\/de\/wp-json\/wp\/v2\/media?parent=702"}],"wp:term":[{"taxonomy":"product_brand","embeddable":true,"href":"https:\/\/tierrasdelchaco.com.py\/de\/wp-json\/wp\/v2\/product_brand?post=702"},{"taxonomy":"product_cat","embeddable":true,"href":"https:\/\/tierrasdelchaco.com.py\/de\/wp-json\/wp\/v2\/product_cat?post=702"},{"taxonomy":"product_tag","embeddable":true,"href":"https:\/\/tierrasdelchaco.com.py\/de\/wp-json\/wp\/v2\/product_tag?post=702"},{"taxonomy":"actividad","embeddable":true,"href":"https:\/\/tierrasdelchaco.com.py\/de\/wp-json\/wp\/v2\/actividad?post=702"}],"curies":[{"name":"wp","href":"https:\/\/api.w.org\/{rel}","templated":true}]}}