{"id":1262,"date":"2024-10-18T13:10:27","date_gmt":"2024-10-18T18:10:27","guid":{"rendered":"https:\/\/tierrasdelchaco.com.py\/?post_type=product&#038;p=1262"},"modified":"2024-10-18T13:10:27","modified_gmt":"2024-10-18T18:10:27","slug":"ph-128-2-920-hectareas-zona-25-leguas","status":"publish","type":"product","link":"https:\/\/tierrasdelchaco.com.py\/en\/product\/ph-128-2-920-hectareas-zona-25-leguas\/","title":{"rendered":"PH 128 &#8211; 2 920 Hect\u00e1reas &#8211; zona 25 Leguas"},"content":{"rendered":"<ul>\n<li>Superficie productiva: 1.230 hect\u00e1reas de pasturas.<\/li>\n<li>Type of Development: Cattle Ranch.<\/li>\n<li>Existing Infrastructure:\n<ul>\n<li>Main house.<\/li>\n<li>Staff houses.<\/li>\n<li>Corral.<\/li>\n<li>Water ponds and Australian tanks.<\/li>\n<li>Cuenta con una planta procesadora de granos y b\u00e1scula de 80 tn. de capacidad con plataforma de hormig\u00f3n.<\/li>\n<li>Conexi\u00f3n el\u00e9ctrica monof\u00e1sica.<\/li>\n<\/ul>\n<\/li>\n<\/ul>","protected":false},"excerpt":{"rendered":"<p>Cuenta con 1.230 hect\u00e1reas de pasturas.<\/p>","protected":false},"featured_media":1263,"comment_status":"open","ping_status":"closed","template":"","meta":[],"product_brand":[],"product_cat":[39],"product_tag":[],"actividad":[41],"class_list":{"0":"post-1262","1":"product","2":"type-product","3":"status-publish","4":"has-post-thumbnail","6":"product_cat-presidente-hayes","7":"actividad-ganadera","9":"first","10":"instock","11":"shipping-taxable","12":"product-type-simple"},"_links":{"self":[{"href":"https:\/\/tierrasdelchaco.com.py\/en\/wp-json\/wp\/v2\/product\/1262","targetHints":{"allow":["GET"]}}],"collection":[{"href":"https:\/\/tierrasdelchaco.com.py\/en\/wp-json\/wp\/v2\/product"}],"about":[{"href":"https:\/\/tierrasdelchaco.com.py\/en\/wp-json\/wp\/v2\/types\/product"}],"replies":[{"embeddable":true,"href":"https:\/\/tierrasdelchaco.com.py\/en\/wp-json\/wp\/v2\/comments?post=1262"}],"wp:featuredmedia":[{"embeddable":true,"href":"https:\/\/tierrasdelchaco.com.py\/en\/wp-json\/wp\/v2\/media\/1263"}],"wp:attachment":[{"href":"https:\/\/tierrasdelchaco.com.py\/en\/wp-json\/wp\/v2\/media?parent=1262"}],"wp:term":[{"taxonomy":"product_brand","embeddable":true,"href":"https:\/\/tierrasdelchaco.com.py\/en\/wp-json\/wp\/v2\/product_brand?post=1262"},{"taxonomy":"product_cat","embeddable":true,"href":"https:\/\/tierrasdelchaco.com.py\/en\/wp-json\/wp\/v2\/product_cat?post=1262"},{"taxonomy":"product_tag","embeddable":true,"href":"https:\/\/tierrasdelchaco.com.py\/en\/wp-json\/wp\/v2\/product_tag?post=1262"},{"taxonomy":"actividad","embeddable":true,"href":"https:\/\/tierrasdelchaco.com.py\/en\/wp-json\/wp\/v2\/actividad?post=1262"}],"curies":[{"name":"wp","href":"https:\/\/api.w.org\/{rel}","templated":true}]}}