{"id":695,"date":"2024-06-01T14:16:11","date_gmt":"2024-06-01T19:16:11","guid":{"rendered":"https:\/\/new.tierrasdelchaco.com.py\/producto\/ap-001-62-000-hectareas-zona-agua-dulce\/"},"modified":"2024-10-21T12:53:00","modified_gmt":"2024-10-21T17:53:00","slug":"ap-001-62-000-hectareas-zona-agua-dulce","status":"publish","type":"product","link":"https:\/\/tierrasdelchaco.com.py\/en\/product\/ap-001-62-000-hectareas-zona-agua-dulce\/","title":{"rendered":"AP 001 - 62 000 Hectares - Zone Agua Dulce"},"content":{"rendered":"<ul>\n<li>Superficie productiva: 5.800 hect\u00e1reas con opci\u00f3n a desarrollar m\u00e1s superficie.<\/li>\n<li>Type of Development: Cattle Ranch.<\/li>\n<li>Situated in an area with groundwater suitable cattle ranching.<\/li>\n<li>Existing Infrastructure:\n<ul>\n<li>Main house.<\/li>\n<li>Staff houses.<\/li>\n<li>Corrals.<\/li>\n<li>Ponds, Australian tanks, and artesian wells connected to a water network.<\/li>\n<li>Electricity by generator.<\/li>\n<\/ul>\n<\/li>\n<\/ul>","protected":false},"excerpt":{"rendered":"<p>Productive area: 5.800 hectares with the option to develop more area.<\/p>","protected":false},"featured_media":711,"comment_status":"closed","ping_status":"closed","template":"","meta":[],"product_brand":[],"product_cat":[38],"product_tag":[],"actividad":[41,43],"class_list":{"0":"post-695","1":"product","2":"type-product","3":"status-publish","4":"has-post-thumbnail","6":"product_cat-alto-paraguay","7":"actividad-ganadera","8":"actividad-monte-virgen","10":"first","11":"instock","12":"product-type-simple"},"_links":{"self":[{"href":"https:\/\/tierrasdelchaco.com.py\/en\/wp-json\/wp\/v2\/product\/695","targetHints":{"allow":["GET"]}}],"collection":[{"href":"https:\/\/tierrasdelchaco.com.py\/en\/wp-json\/wp\/v2\/product"}],"about":[{"href":"https:\/\/tierrasdelchaco.com.py\/en\/wp-json\/wp\/v2\/types\/product"}],"replies":[{"embeddable":true,"href":"https:\/\/tierrasdelchaco.com.py\/en\/wp-json\/wp\/v2\/comments?post=695"}],"wp:featuredmedia":[{"embeddable":true,"href":"https:\/\/tierrasdelchaco.com.py\/en\/wp-json\/wp\/v2\/media\/711"}],"wp:attachment":[{"href":"https:\/\/tierrasdelchaco.com.py\/en\/wp-json\/wp\/v2\/media?parent=695"}],"wp:term":[{"taxonomy":"product_brand","embeddable":true,"href":"https:\/\/tierrasdelchaco.com.py\/en\/wp-json\/wp\/v2\/product_brand?post=695"},{"taxonomy":"product_cat","embeddable":true,"href":"https:\/\/tierrasdelchaco.com.py\/en\/wp-json\/wp\/v2\/product_cat?post=695"},{"taxonomy":"product_tag","embeddable":true,"href":"https:\/\/tierrasdelchaco.com.py\/en\/wp-json\/wp\/v2\/product_tag?post=695"},{"taxonomy":"actividad","embeddable":true,"href":"https:\/\/tierrasdelchaco.com.py\/en\/wp-json\/wp\/v2\/actividad?post=695"}],"curies":[{"name":"wp","href":"https:\/\/api.w.org\/{rel}","templated":true}]}}