{"id":696,"date":"2024-06-01T14:16:11","date_gmt":"2024-06-01T19:16:11","guid":{"rendered":"https:\/\/new.tierrasdelchaco.com.py\/producto\/ap-055-5-500-hectareas-zona-madrejon\/"},"modified":"2024-10-21T13:35:03","modified_gmt":"2024-10-21T18:35:03","slug":"ap-055-5-500-hectareas-zona-madrejon","status":"publish","type":"product","link":"https:\/\/tierrasdelchaco.com.py\/en\/product\/ap-055-5-500-hectareas-zona-madrejon\/","title":{"rendered":"AP 055 - 5 500 Hectares - Zone Madrejon"},"content":{"rendered":"<ul>\n<li>Superficie productiva: 2.400 hect\u00e1reas.<\/li>\n<li>Type of Development: Cattle Ranch.<\/li>\n<li>Existing Infrastructure:\n<ul>\n<li>Main house.<\/li>\n<li>Staff houses.<\/li>\n<li>Corral.<\/li>\n<li>Tajamares con tanque australiano.<\/li>\n<li>Energ\u00eda el\u00e9ctrica monof\u00e1sica de la ANDE, adem\u00e1s, cuenta con 1 generador.<\/li>\n<\/ul>\n<\/li>\n<\/ul>","protected":false},"excerpt":{"rendered":"<p>Productive area: 2.400 hectares of planted pastures.<\/p>","protected":false},"featured_media":1286,"comment_status":"closed","ping_status":"closed","template":"","meta":[],"product_brand":[],"product_cat":[38],"product_tag":[],"actividad":[41],"class_list":{"0":"post-696","1":"product","2":"type-product","3":"status-publish","4":"has-post-thumbnail","6":"product_cat-alto-paraguay","7":"actividad-ganadera","9":"first","10":"instock","11":"product-type-simple"},"_links":{"self":[{"href":"https:\/\/tierrasdelchaco.com.py\/en\/wp-json\/wp\/v2\/product\/696","targetHints":{"allow":["GET"]}}],"collection":[{"href":"https:\/\/tierrasdelchaco.com.py\/en\/wp-json\/wp\/v2\/product"}],"about":[{"href":"https:\/\/tierrasdelchaco.com.py\/en\/wp-json\/wp\/v2\/types\/product"}],"replies":[{"embeddable":true,"href":"https:\/\/tierrasdelchaco.com.py\/en\/wp-json\/wp\/v2\/comments?post=696"}],"wp:featuredmedia":[{"embeddable":true,"href":"https:\/\/tierrasdelchaco.com.py\/en\/wp-json\/wp\/v2\/media\/1286"}],"wp:attachment":[{"href":"https:\/\/tierrasdelchaco.com.py\/en\/wp-json\/wp\/v2\/media?parent=696"}],"wp:term":[{"taxonomy":"product_brand","embeddable":true,"href":"https:\/\/tierrasdelchaco.com.py\/en\/wp-json\/wp\/v2\/product_brand?post=696"},{"taxonomy":"product_cat","embeddable":true,"href":"https:\/\/tierrasdelchaco.com.py\/en\/wp-json\/wp\/v2\/product_cat?post=696"},{"taxonomy":"product_tag","embeddable":true,"href":"https:\/\/tierrasdelchaco.com.py\/en\/wp-json\/wp\/v2\/product_tag?post=696"},{"taxonomy":"actividad","embeddable":true,"href":"https:\/\/tierrasdelchaco.com.py\/en\/wp-json\/wp\/v2\/actividad?post=696"}],"curies":[{"name":"wp","href":"https:\/\/api.w.org\/{rel}","templated":true}]}}